{"id":9,"date":"2018-09-17T06:25:02","date_gmt":"2018-09-17T06:25:02","guid":{"rendered":"https:\/\/hellonorvegia.devengo.hu\/?page_id=9"},"modified":"2019-01-20T21:11:37","modified_gmt":"2019-01-20T20:11:37","slug":"about","status":"publish","type":"page","link":"https:\/\/hellonorvegia.devengo.hu\/?page_id=9","title":{"rendered":"Elk\u00f6lt\u00f6zt\u00fcnk"},"content":{"rendered":"<p>Ny\u00e1ron j\u00f6tt egy lehet\u0151s\u00e9g, hogy Jana a munk\u00e1j\u00e1t Osl\u00f3b\u00f3l v\u00e9gezheti. D\u00f6nt\u00f6tt\u00fcnk, \u00f6sszecsomagoltunk, \u00e9s kij\u00f6tt\u00fcnk. Err\u0151l sz\u00f3l ez a blog. A mi \u00e9let\u00fcnkr\u0151l, idekint Norv\u00e9gi\u00e1ban.<\/p>\n","protected":false},"excerpt":{"rendered":"<p>Ny\u00e1ron j\u00f6tt egy lehet\u0151s\u00e9g, hogy Jana a munk\u00e1j\u00e1t Osl\u00f3b\u00f3l v\u00e9gezheti. D\u00f6nt\u00f6tt\u00fcnk, \u00f6sszecsomagoltunk, \u00e9s kij\u00f6tt\u00fcnk. Err\u0151l sz\u00f3l ez a blog. A mi \u00e9let\u00fcnkr\u0151l, idekint Norv\u00e9gi\u00e1ban.<\/p>\n","protected":false},"author":1,"featured_media":6,"parent":0,"menu_order":0,"comment_status":"closed","ping_status":"closed","template":"","meta":{"footnotes":""},"class_list":["post-9","page","type-page","status-publish","has-post-thumbnail","hentry"],"_links":{"self":[{"href":"https:\/\/hellonorvegia.devengo.hu\/index.php?rest_route=\/wp\/v2\/pages\/9","targetHints":{"allow":["GET"]}}],"collection":[{"href":"https:\/\/hellonorvegia.devengo.hu\/index.php?rest_route=\/wp\/v2\/pages"}],"about":[{"href":"https:\/\/hellonorvegia.devengo.hu\/index.php?rest_route=\/wp\/v2\/types\/page"}],"author":[{"embeddable":true,"href":"https:\/\/hellonorvegia.devengo.hu\/index.php?rest_route=\/wp\/v2\/users\/1"}],"replies":[{"embeddable":true,"href":"https:\/\/hellonorvegia.devengo.hu\/index.php?rest_route=%2Fwp%2Fv2%2Fcomments&post=9"}],"version-history":[{"count":2,"href":"https:\/\/hellonorvegia.devengo.hu\/index.php?rest_route=\/wp\/v2\/pages\/9\/revisions"}],"predecessor-version":[{"id":112,"href":"https:\/\/hellonorvegia.devengo.hu\/index.php?rest_route=\/wp\/v2\/pages\/9\/revisions\/112"}],"wp:featuredmedia":[{"embeddable":true,"href":"https:\/\/hellonorvegia.devengo.hu\/index.php?rest_route=\/wp\/v2\/media\/6"}],"wp:attachment":[{"href":"https:\/\/hellonorvegia.devengo.hu\/index.php?rest_route=%2Fwp%2Fv2%2Fmedia&parent=9"}],"curies":[{"name":"wp","href":"https:\/\/api.w.org\/{rel}","templated":true}]}}